{"id":200,"date":"2020-12-16T04:20:51","date_gmt":"2020-12-16T04:20:51","guid":{"rendered":"https:\/\/gaviaspreview.com\/wp\/tevily\/?post_type=gva_team&#038;p=200"},"modified":"2024-05-25T21:24:33","modified_gmt":"2024-05-25T18:24:33","slug":"turlar","status":"publish","type":"page","link":"https:\/\/agromtravel.com\/tours\/turlar\/","title":{"rendered":"Turlar"},"content":{"rendered":"\t\t<div data-elementor-type=\"wp-page\" data-elementor-id=\"200\" class=\"elementor elementor-200\">\n\t\t\t\t\t\t<section class=\"elementor-section elementor-top-section elementor-element elementor-element-96e41a5 elementor-section-boxed elementor-section-height-default elementor-section-height-default row-top\" data-id=\"96e41a5\" data-element_type=\"section\" data-e-type=\"section\" data-settings=\"{&quot;background_background&quot;:&quot;slideshow&quot;,&quot;background_slideshow_gallery&quot;:[{&quot;id&quot;:614,&quot;url&quot;:&quot;https:\\\/\\\/gaviaspreview.com\\\/wp\\\/tevily\\\/wp-content\\\/uploads\\\/2020\\\/12\\\/slider-1.jpg&quot;},{&quot;id&quot;:991,&quot;url&quot;:&quot;https:\\\/\\\/gaviaspreview.com\\\/wp\\\/tevily\\\/wp-content\\\/uploads\\\/2021\\\/10\\\/bg-5.jpg&quot;}],&quot;background_slideshow_loop&quot;:&quot;yes&quot;,&quot;background_slideshow_slide_duration&quot;:5000,&quot;background_slideshow_slide_transition&quot;:&quot;fade&quot;,&quot;background_slideshow_transition_duration&quot;:500}\">\n\t\t\t\t\t\t<div class=\"elementor-container elementor-column-gap-default\">\n\t\t\t\t\t<div class=\"elementor-column elementor-col-100 elementor-top-column elementor-element elementor-element-388888c\" data-id=\"388888c\" data-element_type=\"column\" data-e-type=\"column\">\n\t\t\t<div class=\"elementor-widget-wrap elementor-element-populated\">\n\t\t\t\t\t\t<div class=\"elementor-element elementor-element-c971c4c elementor-widget elementor-widget-gva-heading-block\" data-id=\"c971c4c\" data-element_type=\"widget\" data-e-type=\"widget\" data-widget_type=\"gva-heading-block.default\">\n\t\t\t\t<div class=\"elementor-widget-container\">\n\t\t\t\t\t<div class=\"gva-element-gva-heading-block gva-element\">   <div class=\"align-center style-1 widget gsc-heading box-align-left auto-responsive\">\r\n      <div class=\"content-inner\">\r\n         \r\n                  \r\n           \r\n         \r\n                     <h2 class=\"title\">\r\n               <span>Tatilinizi Renklendirin<\/span>\r\n            <\/h2>\r\n                              <div class=\"title-desc\">Size \u00f6zel tur ve etkinlikler<\/div>\r\n         \r\n         \r\n      <\/div>\r\n   <\/div>\r\n<\/div>\t\t\t\t<\/div>\n\t\t\t\t<\/div>\n\t\t\t\t\t<\/div>\n\t\t<\/div>\n\t\t\t\t\t<\/div>\n\t\t<\/section>\n\t\t\t\t<section class=\"elementor-section elementor-top-section elementor-element elementor-element-9694f7a elementor-section-boxed elementor-section-height-default elementor-section-height-default row-top\" data-id=\"9694f7a\" data-element_type=\"section\" data-e-type=\"section\">\n\t\t\t\t\t\t<div class=\"elementor-container elementor-column-gap-default\">\n\t\t\t\t\t<div class=\"elementor-column elementor-col-50 elementor-top-column elementor-element elementor-element-3e124c4 gv-sidebar-offcanvas\" data-id=\"3e124c4\" data-element_type=\"column\" data-e-type=\"column\">\n\t\t\t<div class=\"elementor-widget-wrap elementor-element-populated\">\n\t\t\t\t\t\t<div class=\"elementor-element elementor-element-4639e9d elementor-widget elementor-widget-gva_ba_search_form\" data-id=\"4639e9d\" data-element_type=\"widget\" data-e-type=\"widget\" data-widget_type=\"gva_ba_search_form.default\">\n\t\t\t\t<div class=\"elementor-widget-container\">\n\t\t\t\t\t<div class=\"gva-element-gva_ba_search_form gva-element\"><div class=\"tevily-search-form-wrap\" style=\"opacity: 0;filter: alpha(opacity=0);\"><div id=\"search-box\" class=\"babe-search-box tevily-search-form layout-2 hidden-tab-yes\">\t\t\t\t\t\t\n\t\t\t\t\n                <div id=\"search_form_tabs\"><span class=\"search_form_tab is-active\" data-tab-slug=\"tour\" data-tab-categories=\"45\">Tour<\/span><\/div>\n                <form name=\"search_form\" action=\"https:\/\/agromtravel.com\/tours\/turlar\/\" method=\"get\" id=\"search_form\" class=\"babe-search-form \">\n\t\t\t<div class=\"input-group\">\n\t\t\t\t\t<div class=\"add_input_field is-active \" data-inputfield=\"1\" tabindex=\"0\" data-active-tour=\"1\" data-title-tour=\"Konumlar\" data-tax=\"location\" tabindex=\"0\">\n                    <div class=\"add_ids_title\">\n                        <div class=\"add_ids_title_value\">Konumlar<\/div><i class=\"fas fa-chevron-down\"><\/i>\n                        <ul id=\"add_ids_list_location\" class=\"add_ids_list\" data-parent=\"0\">\n        <li class=\"term_item term_item_all\" data-id=\"0\">Konumlar<\/li><li class=\"term_item term_item_level_0\" data-id=\"82\">Dalaman<\/li><li class=\"term_item term_item_level_0\" data-id=\"71\">Dalyan<\/li><li class=\"term_item term_item_level_0\" data-id=\"78\">Fethiye<\/li><li class=\"term_item term_item_level_0\" data-id=\"75\">Kalkan<\/li><li class=\"term_item term_item_level_0\" data-id=\"85\">Ka\u015f<\/li><li class=\"term_item term_item_level_0\" data-id=\"69\">\u00d6l\u00fcdeniz<\/li><li class=\"term_item term_item_level_0\" data-id=\"70\">Pamukkale<\/li><li class=\"term_item term_item_level_0\" data-id=\"84\">Sakl\u0131kent<\/li>\n        <\/ul>\n                        <input type=\"hidden\" class=\"input_select_input_value\" name=\"add_ids_location\" value=\"0\">\n                      <\/div>  \t\n\t\t\t\t\t<\/div>\n\t\t\t\t\n\t\t\t\t\t<div class=\"add_input_field is-active \" data-inputfield=\"1\" tabindex=\"0\" data-active-tour=\"1\" data-title-tour=\"Rezervasyon T\u00fcr\u00fc\" data-tax=\"type\" tabindex=\"0\">\n                    <div class=\"add_ids_title\">\n                        <div class=\"add_ids_title_value\">Rezervasyon T\u00fcr\u00fc<\/div><i class=\"fas fa-chevron-down\"><\/i>\n                        <ul id=\"add_ids_list_type\" class=\"add_ids_list\" data-parent=\"0\">\n        <li class=\"term_item term_item_all\" data-id=\"0\">Rezervasyon T\u00fcr\u00fc<\/li><li class=\"term_item term_item_level_0\" data-id=\"79\">Aktiviteler<\/li><li class=\"term_item term_item_level_0\" data-id=\"72\">Turlar<\/li>\n        <\/ul>\n                        <input type=\"hidden\" class=\"input_select_input_value\" name=\"add_ids_type\" value=\"0\">\n                      <\/div>  \t\n\t\t\t\t\t<\/div>\n\t\t\t\t\n                    <div class=\"search-date search_date_wrapper_date_from is-active\" data-inputfield=\"1\" tabindex=\"0\" data-active-tour=\"1\" data-title-tour=\"Ba\u015flang\u0131\u00e7\">\n                        <i class=\"flaticon-time\"><\/i><input type=\"text\" class=\"search_date\" id=\"date_from\" name=\"date_from\" value=\"\" placeholder=\"Ba\u015flang\u0131\u00e7\">\n\t\t\t\t\t<\/div>\n                  <div class=\"search_guests_field is-active\" data-active-tour=\"1\" data-title-tour=\"Misafirler\" tabindex=\"0\">\n\t\t\t\t\t  <i class=\"flaticon-family\"><\/i><div ><div class=\"search_guests_title\">Misafirler<\/div>&#160;<span class=\"search_guests_title_value\">0<\/span>\n\t\t                  <div class=\"search_guests_select_wrapper close_by_apply_btn\">\n\t\t                      \n                       <div class=\"input_select_field input_select_field_guests is-active\" data-name=\"guests[17]\" data-inputfield=\"1\" tabindex=\"0\" data-active-tour=\"1\" data-title-tour=\"Misafirler\">\n                          <span class=\"select_guests_value\">0<\/span>\n                          <span class=\"select_guests_title\">Yeti\u015fkin<\/span>\n                          <span class=\"search_guests_plus btn-search-guests-change btn btn-secondary-outlined\" tabindex=\"0\"><i class=\"fas fa-plus\"><\/i><\/span>\n                          <span class=\"search_guests_minus btn-search-guests-change btn btn-secondary-outlined\" tabindex=\"0\"><i class=\"fas fa-minus\"><\/i><\/span>\n                          <input type=\"hidden\" class=\"select_guests_input_value\" name=\"guests[17]\" value=\"0\">\n                       <\/div>\n                       <div class=\"input_select_field input_select_field_guests is-active\" data-name=\"guests[18]\" data-inputfield=\"1\" tabindex=\"0\" data-active-tour=\"1\" data-title-tour=\"Misafirler\">\n                          <span class=\"select_guests_value\">0<\/span>\n                          <span class=\"select_guests_title\">Gen\u00e7<\/span>\n                          <span class=\"search_guests_plus btn-search-guests-change btn btn-secondary-outlined\" tabindex=\"0\"><i class=\"fas fa-plus\"><\/i><\/span>\n                          <span class=\"search_guests_minus btn-search-guests-change btn btn-secondary-outlined\" tabindex=\"0\"><i class=\"fas fa-minus\"><\/i><\/span>\n                          <input type=\"hidden\" class=\"select_guests_input_value\" name=\"guests[18]\" value=\"0\">\n                       <\/div>\n                       <div class=\"input_select_field input_select_field_guests is-active\" data-name=\"guests[19]\" data-inputfield=\"1\" tabindex=\"0\" data-active-tour=\"1\" data-title-tour=\"Misafirler\">\n                          <span class=\"select_guests_value\">0<\/span>\n                          <span class=\"select_guests_title\">\u00c7ocuk<\/span>\n                          <span class=\"search_guests_plus btn-search-guests-change btn btn-secondary-outlined\" tabindex=\"0\"><i class=\"fas fa-plus\"><\/i><\/span>\n                          <span class=\"search_guests_minus btn-search-guests-change btn btn-secondary-outlined\" tabindex=\"0\"><i class=\"fas fa-minus\"><\/i><\/span>\n                          <input type=\"hidden\" class=\"select_guests_input_value\" name=\"guests[19]\" value=\"0\">\n                       <\/div>\n                       <div class=\"input_select_field input_select_field_guests\" data-name=\"guests[0]\" data-inputfield=\"1\" data-title-tour=\"Misafirler\">\n                          <span class=\"select_guests_value\">0<\/span>\n                          <span class=\"select_guests_title\">Guests<\/span>\n                          <span class=\"search_guests_plus btn-search-guests-change btn btn-secondary-outlined\" tabindex=\"0\"><i class=\"fas fa-plus\"><\/i><\/span>\n                          <span class=\"search_guests_minus btn-search-guests-change btn btn-secondary-outlined\" tabindex=\"0\"><i class=\"fas fa-minus\"><\/i><\/span>\n                          <input type=\"hidden\" class=\"select_guests_input_value\" name=\"guests[0]\" value=\"0\">\n                       <\/div>\n\t\t                      <div class=\"search_guests_apply\">\n\t\t                         <button class=\"btn button btn-primary search_apply_btn\">Apply<\/button>\n\t\t                      <\/div>\n\t\t                  <\/div>\t\n\t                  <\/div>\n\t\t\t\t  <\/div>\n                  \n\t\t\t\t\t<div class=\"search_advanced_field  is-active\" data-inputfield=\"1\" tabindex=\"0\" data-active-tour=\"1\" data-title-tour=\"Advanced\" data-tax=\"advanced_tab\" tabindex=\"0\">\n\t\t\t\t\t    <i class=\"fas fa-filter\"><\/i>\n                        <div><div class=\"search_advanced_title\">Fiyat<\/div>\n\t                        <div class=\"search_advanced_select_wrapper close_by_apply_btn\">\n\t                        \n\t\t\t\t                    <div class=\"advanced-price-content\">\n\t\t\t\t                    <h4 class=\"price-header\">Fiyat<\/h4>\n\t\t\t\t                        <input type=\"text\" class=\"search-price-range-slider babe-price-range-slider\" name=\"search_price_range\" value=\"\" \n\t\t\t\t                            data-type=\"double\"\n\t\t\t\t                            data-skin=\"round\"\n\t\t\t\t\t\t\t\t\t        data-prefix=\"&#36;\"\n\t\t\t\t\t\t\t\t\t        data-min=\"0\"\n\t\t\t\t\t\t\t\t\t        data-max=\"0\"\n\t\t\t\t\t\t\t\t\t        data-from=\"0\"\n\t\t\t\t\t\t\t\t\t        data-to=\"0\"\/>\n\t\t\t\t\t\t\t\t\t<\/div>\n\t\t\t\t                    \n\t                        <div class=\"search_guests_apply\">\n\t                             <button class=\"btn button btn-primary search_apply_btn\">Apply<\/button>\n\t                          <\/div>\n\t                      <\/div>\n\t                     <\/div>\n\t\t\t\t\t<\/div>\n\t\t\t\t\n                    <div class=\"submit\">\n\t\t\t\t\t  <button name=\"submit\" class=\"btn button btn-primary btn-search\" value=\"1\"><i class=\"fas fa-search\"><\/i> Ara<\/button>\n\t\t\t\t    <\/div>\n\t\t\t\t<\/div>\n                \n                \n                \n                <input type=\"hidden\" name=\"request_search_results\" value=\"1\">\n                <input type=\"hidden\" name=\"search_results_sort_by\" value=\"title_asc\"><input type=\"hidden\" name=\"search_tab\" value=\"tour\">   \n\t\t<\/form>\n\t\t\t\t\t<\/div><div class=\"data-hidden\" data-hidden-tax=\"[]\"><\/div><div class=\"form-fields-title hidden\"><span class=\"amenities_title\">\u00d6zellikler<\/span><span class=\"location_title\">Konum<\/span><span class=\"type_title\">Tur Tipi<\/span><span class=\"features_title\">\u00d6zellikler<\/span><span class=\"language_title\">Diller<\/span><span class=\"search_box_title\">Gitmek istedi\u011finiz yer?<\/span><span class=\"date_from_title\">Ba\u015flang\u0131\u00e7 Tarihi<\/span><span class=\"date_to_title\">Biti\u015f Tarihi<\/span><\/div><\/div><\/div>\t\t\t\t<\/div>\n\t\t\t\t<\/div>\n\t\t\t\t<div class=\"elementor-element elementor-element-290df6a elementor-widget elementor-widget-gva_ba_list_items\" data-id=\"290df6a\" data-element_type=\"widget\" data-e-type=\"widget\" data-widget_type=\"gva_ba_list_items.default\">\n\t\t\t\t<div class=\"elementor-widget-container\">\n\t\t\t\t\t<div class=\"tevily-gva_ba_list_items tevily-element\">\r\n<div class=\"ba-list-items\">\r\n   <h3 class=\"title\">Son Dk. Etkinlikleri<\/h3>   <div class=\"box-content\">\r\n      <div class=\"elementor-post-wrapper\">\r\n         <div class=\"row\" data-elementor-columns=\"3\" data-elementor-columns-tablet=\"1\" data-elementor-columns-mobile=\"1\">\r\n            \r\n<div class=\"booking-block-list-small\">\r\n\t<div class=\"babe-block-content\">\r\n\t\t<div class=\"post-image\">\r\n\t\t\t\t\t\t\t<a class=\"post-link\" href=\"https:\/\/agromtravel.com\/tours\/booking\/fethiye-sehir-turu\/\">\r\n\t\t\t\t\t<img decoding=\"async\" src=\"https:\/\/agromtravel.com\/tours\/wp-content\/uploads\/2024\/05\/fethiye-carsi-600x600.jpg\" alt=\"Fethiye \u015eehir Turu\">\r\n\t\t\t\t<\/a>\r\n\t\t\t   \r\n\t\t<\/div>\r\n\r\n\t\t  <div class=\"booking-content\">\r\n\t\t\t\t<div class=\"content-inner\">\r\n\t\t\t\t\t\t\t\t\t\t<h3 class=\"title\">\r\n\t\t\t\t\t\t<a href=\"https:\/\/agromtravel.com\/tours\/booking\/fethiye-sehir-turu\/\">Fethiye \u015eehir Turu<\/a>\r\n\t\t\t\t\t<\/h3>\r\n\t\t\t\t\t<div class=\"ba-price\">\r\n\t\t\t\t\t\t<label>Ba\u015flang\u0131\u00e7 Fiyat\u0131<\/label>\r\n\t\t\t\t\t\t<span class=\"item_info_price_new\"><span class=\"currency_amount\" data-amount=\"25\"><span class=\"currency_symbol\">&#36;<\/span>25.00<\/span><\/span>\r\n\t\t\t\t\t\t\t\t\t\t\t<\/div>\r\n\t\t\t\t<\/div>   \r\n\t\t  <\/div>\r\n\r\n\t <\/div>\r\n<\/div>\r\n<div class=\"booking-block-list-small\">\r\n\t<div class=\"babe-block-content\">\r\n\t\t<div class=\"post-image\">\r\n\t\t\t\t\t\t\t<a class=\"post-link\" href=\"https:\/\/agromtravel.com\/tours\/booking\/pamukkale-turu\/\">\r\n\t\t\t\t\t<img decoding=\"async\" src=\"https:\/\/agromtravel.com\/tours\/wp-content\/uploads\/2024\/05\/pamukkale-600x600.webp\" alt=\"Pamukkale Turu\">\r\n\t\t\t\t<\/a>\r\n\t\t\t   \r\n\t\t<\/div>\r\n\r\n\t\t  <div class=\"booking-content\">\r\n\t\t\t\t<div class=\"content-inner\">\r\n\t\t\t\t\t\t\t\t\t\t<h3 class=\"title\">\r\n\t\t\t\t\t\t<a href=\"https:\/\/agromtravel.com\/tours\/booking\/pamukkale-turu\/\">Pamukkale Turu<\/a>\r\n\t\t\t\t\t<\/h3>\r\n\t\t\t\t\t<div class=\"ba-price\">\r\n\t\t\t\t\t\t<label>Ba\u015flang\u0131\u00e7 Fiyat\u0131<\/label>\r\n\t\t\t\t\t\t<span class=\"item_info_price_new\"><span class=\"currency_amount\" data-amount=\"80\"><span class=\"currency_symbol\">&#36;<\/span>80.00<\/span><\/span>\r\n\t\t\t\t\t\t\t\t\t\t\t<\/div>\r\n\t\t\t\t<\/div>   \r\n\t\t  <\/div>\r\n\r\n\t <\/div>\r\n<\/div>\r\n<div class=\"booking-block-list-small\">\r\n\t<div class=\"babe-block-content\">\r\n\t\t<div class=\"post-image\">\r\n\t\t\t\t\t\t\t<a class=\"post-link\" href=\"https:\/\/agromtravel.com\/tours\/booking\/fethiye-yamac-parasutu\/\">\r\n\t\t\t\t\t<img decoding=\"async\" src=\"https:\/\/agromtravel.com\/tours\/wp-content\/uploads\/2024\/05\/paragliding-fethiye-600x600.jpg\" alt=\"Fethiye Yama\u00e7 Para\u015f\u00fct\u00fc\">\r\n\t\t\t\t<\/a>\r\n\t\t\t   \r\n\t\t<\/div>\r\n\r\n\t\t  <div class=\"booking-content\">\r\n\t\t\t\t<div class=\"content-inner\">\r\n\t\t\t\t\t\t\t\t\t\t<h3 class=\"title\">\r\n\t\t\t\t\t\t<a href=\"https:\/\/agromtravel.com\/tours\/booking\/fethiye-yamac-parasutu\/\">Fethiye Yama\u00e7 Para\u015f\u00fct\u00fc<\/a>\r\n\t\t\t\t\t<\/h3>\r\n\t\t\t\t\t<div class=\"ba-price\">\r\n\t\t\t\t\t\t<label>Ba\u015flang\u0131\u00e7 Fiyat\u0131<\/label>\r\n\t\t\t\t\t\t<span class=\"item_info_price_new\"><span class=\"currency_amount\" data-amount=\"150\"><span class=\"currency_symbol\">&#36;<\/span>150.00<\/span><\/span>\r\n\t\t\t\t\t\t\t\t\t\t\t<\/div>\r\n\t\t\t\t<\/div>   \r\n\t\t  <\/div>\r\n\r\n\t <\/div>\r\n<\/div>         <\/div>\r\n      <\/div>\r\n   <\/div>   \r\n<\/div>\r\n\r\n<\/div>\t\t\t\t<\/div>\n\t\t\t\t<\/div>\n\t\t\t\t<div class=\"elementor-element elementor-element-3cb8c4a elementor-widget elementor-widget-gva_ba_banner\" data-id=\"3cb8c4a\" data-element_type=\"widget\" data-e-type=\"widget\" data-widget_type=\"gva_ba_banner.default\">\n\t\t\t\t<div class=\"elementor-widget-container\">\n\t\t\t\t\t<div class=\"gva-element-gva_ba_banner gva-element\">\r\n<div class=\"gsc-booking-banner text-left style-1\">\r\n   <div class=\"listings-banner-content\">\r\n      \r\n      \r\n               <div class=\"banner-image\">\r\n            <img decoding=\"async\" src=\"https:\/\/agromtravel.com\/tours\/wp-content\/uploads\/2024\/05\/oludeniz.png\" alt=\"\u00d6l\u00fcdeniz\" \/>\r\n         <\/div>\r\n      \r\n      <div class=\"banner-content\">\r\n         \r\n                     <div class=\"subtitle\">Lagoon<\/div>\r\n         \r\n                     <h3 class=\"title\">\u00d6l\u00fcdeniz<\/h3>\r\n         \r\n         \r\n      <\/div>\r\n\r\n                     \r\n   <\/div>\r\n<\/div><\/div>\t\t\t\t<\/div>\n\t\t\t\t<\/div>\n\t\t\t\t<div class=\"elementor-element elementor-element-dbe3d78 elementor-widget elementor-widget-gva_ba_banner\" data-id=\"dbe3d78\" data-element_type=\"widget\" data-e-type=\"widget\" data-widget_type=\"gva_ba_banner.default\">\n\t\t\t\t<div class=\"elementor-widget-container\">\n\t\t\t\t\t<div class=\"gva-element-gva_ba_banner gva-element\">\r\n<div class=\"gsc-booking-banner text-left style-1\">\r\n   <div class=\"listings-banner-content\">\r\n      \r\n      \r\n               <div class=\"banner-image\">\r\n            <img decoding=\"async\" src=\"https:\/\/agromtravel.com\/tours\/wp-content\/uploads\/2024\/05\/saklikent-kanyonu-mugla_zrvw.jpeg\" alt=\"Sakl\u0131kent\" \/>\r\n         <\/div>\r\n      \r\n      <div class=\"banner-content\">\r\n         \r\n                     <div class=\"subtitle\">Do\u011fa Harikas\u0131<\/div>\r\n         \r\n                     <h3 class=\"title\">Sakl\u0131kent<\/h3>\r\n         \r\n         \r\n      <\/div>\r\n\r\n                     \r\n   <\/div>\r\n<\/div><\/div>\t\t\t\t<\/div>\n\t\t\t\t<\/div>\n\t\t\t\t\t<\/div>\n\t\t<\/div>\n\t\t\t\t<div class=\"elementor-column elementor-col-50 elementor-top-column elementor-element elementor-element-9266170\" data-id=\"9266170\" data-element_type=\"column\" data-e-type=\"column\">\n\t\t\t<div class=\"elementor-widget-wrap elementor-element-populated\">\n\t\t\t\t\t\t<div class=\"elementor-element elementor-element-08863d4 elementor-widget elementor-widget-gva_ba_search_results\" data-id=\"08863d4\" data-element_type=\"widget\" data-e-type=\"widget\" data-widget_type=\"gva_ba_search_results.default\">\n\t\t\t\t<div class=\"elementor-widget-container\">\n\t\t\t\t\t<div class=\"gva-element-gva_ba_search_results gva-element\"><h2 class=\"empty-list\">Mevcut tur yok. <\/h2><p>It seems we can\u2019t find what you\u2019re looking for. <\/p><\/div>\t\t\t\t<\/div>\n\t\t\t\t<\/div>\n\t\t\t\t\t<\/div>\n\t\t<\/div>\n\t\t\t\t\t<\/div>\n\t\t<\/section>\n\t\t\t\t<\/div>\n\t\t","protected":false},"excerpt":{"rendered":"<p>There are many of lorem ipsum available but the have in some form.<\/p>\n","protected":false},"author":1,"featured_media":0,"parent":0,"menu_order":0,"comment_status":"closed","ping_status":"closed","template":"","meta":{"footnotes":""},"class_list":["post-200","page","type-page","status-publish","hentry"],"_links":{"self":[{"href":"https:\/\/agromtravel.com\/tours\/wp-json\/wp\/v2\/pages\/200","targetHints":{"allow":["GET"]}}],"collection":[{"href":"https:\/\/agromtravel.com\/tours\/wp-json\/wp\/v2\/pages"}],"about":[{"href":"https:\/\/agromtravel.com\/tours\/wp-json\/wp\/v2\/types\/page"}],"author":[{"embeddable":true,"href":"https:\/\/agromtravel.com\/tours\/wp-json\/wp\/v2\/users\/1"}],"replies":[{"embeddable":true,"href":"https:\/\/agromtravel.com\/tours\/wp-json\/wp\/v2\/comments?post=200"}],"version-history":[{"count":16,"href":"https:\/\/agromtravel.com\/tours\/wp-json\/wp\/v2\/pages\/200\/revisions"}],"predecessor-version":[{"id":1348,"href":"https:\/\/agromtravel.com\/tours\/wp-json\/wp\/v2\/pages\/200\/revisions\/1348"}],"wp:attachment":[{"href":"https:\/\/agromtravel.com\/tours\/wp-json\/wp\/v2\/media?parent=200"}],"curies":[{"name":"wp","href":"https:\/\/api.w.org\/{rel}","templated":true}]}}