{"id":1067,"date":"2020-12-08T03:53:49","date_gmt":"2020-12-08T03:53:49","guid":{"rendered":"https:\/\/gaviaspreview.com\/wp\/tevily\/?page_id=23"},"modified":"2024-06-15T20:49:21","modified_gmt":"2024-06-15T17:49:21","slug":"galeri","status":"publish","type":"page","link":"https:\/\/agromtravel.com\/tours\/galeri\/","title":{"rendered":"Galeri"},"content":{"rendered":"\t\t<div data-elementor-type=\"wp-page\" data-elementor-id=\"1067\" class=\"elementor elementor-1067\">\n\t\t\t\t\t\t<section class=\"elementor-section elementor-top-section elementor-element elementor-element-1dbce7b elementor-section-boxed elementor-section-height-default elementor-section-height-default row-top\" data-id=\"1dbce7b\" data-element_type=\"section\" data-e-type=\"section\" data-settings=\"{&quot;background_background&quot;:&quot;slideshow&quot;,&quot;background_slideshow_gallery&quot;:[{&quot;id&quot;:614,&quot;url&quot;:&quot;https:\\\/\\\/gaviaspreview.com\\\/wp\\\/tevily\\\/wp-content\\\/uploads\\\/2020\\\/12\\\/slider-1.jpg&quot;},{&quot;id&quot;:991,&quot;url&quot;:&quot;https:\\\/\\\/gaviaspreview.com\\\/wp\\\/tevily\\\/wp-content\\\/uploads\\\/2021\\\/10\\\/bg-5.jpg&quot;}],&quot;background_slideshow_loop&quot;:&quot;yes&quot;,&quot;background_slideshow_slide_duration&quot;:5000,&quot;background_slideshow_slide_transition&quot;:&quot;fade&quot;,&quot;background_slideshow_transition_duration&quot;:500}\">\n\t\t\t\t\t\t<div class=\"elementor-container elementor-column-gap-default\">\n\t\t\t\t\t<div class=\"elementor-column elementor-col-100 elementor-top-column elementor-element elementor-element-aa4ba02\" data-id=\"aa4ba02\" data-element_type=\"column\" data-e-type=\"column\">\n\t\t\t<div class=\"elementor-widget-wrap elementor-element-populated\">\n\t\t\t\t\t\t<div class=\"elementor-element elementor-element-ef71d0b elementor-widget elementor-widget-gva-heading-block\" data-id=\"ef71d0b\" data-element_type=\"widget\" data-e-type=\"widget\" data-widget_type=\"gva-heading-block.default\">\n\t\t\t\t<div class=\"elementor-widget-container\">\n\t\t\t\t\t<div class=\"gva-element-gva-heading-block gva-element\">   <div class=\"align-center style-1 widget gsc-heading box-align-left auto-responsive\">\r\n      <div class=\"content-inner\">\r\n         \r\n                  \r\n           \r\n         \r\n                     <h2 class=\"title\">\r\n               <span>Ger\u00e7ekleri resimlerinden daha g\u00fczel<\/span>\r\n            <\/h2>\r\n                              <div class=\"title-desc\">Bizimle ileti\u015fime ge\u00e7in.<\/div>\r\n         \r\n         \r\n      <\/div>\r\n   <\/div>\r\n<\/div>\t\t\t\t<\/div>\n\t\t\t\t<\/div>\n\t\t\t\t\t<\/div>\n\t\t<\/div>\n\t\t\t\t\t<\/div>\n\t\t<\/section>\n\t\t\t\t<section class=\"elementor-section elementor-top-section elementor-element elementor-element-7e9c1af9 elementor-section-boxed elementor-section-height-default elementor-section-height-default row-top\" data-id=\"7e9c1af9\" data-element_type=\"section\" data-e-type=\"section\">\n\t\t\t\t\t\t<div class=\"elementor-container elementor-column-gap-default\">\n\t\t\t\t\t<div class=\"elementor-column elementor-col-100 elementor-top-column elementor-element elementor-element-27c9e840\" data-id=\"27c9e840\" data-element_type=\"column\" data-e-type=\"column\">\n\t\t\t<div class=\"elementor-widget-wrap elementor-element-populated\">\n\t\t\t\t\t\t<div class=\"elementor-element elementor-element-63700fe5 notranslate elementor-widget elementor-widget-gva-gallery\" data-id=\"63700fe5\" data-element_type=\"widget\" data-e-type=\"widget\" data-widget_type=\"gva-gallery.default\">\n\t\t\t\t<div class=\"elementor-widget-container\">\n\t\t\t\t\t<div class=\"gva-element-gva-gallery gva-element\">  \r\n  \t<div class=\"gva-gallery-grid clearfix\">\r\n\t\t<div class=\"gva-content-items\"> \r\n\t\t  \t<div class=\"lg-block-grid-3 md-block-grid-3 sm-block-grid-2 xs-block-grid-1 xx-block-grid-1\">\r\n\t\t\t \t<div class=\"item\">\r\n<div class=\"gallery-item\">\r\n\r\n               <div class=\"image\">\r\n            <img decoding=\"async\" src=\"https:\/\/agromtravel.com\/tours\/wp-content\/uploads\/2024\/05\/fethiye-carsi-600x600.jpg\" alt=\"Fethiye\" \/>  \r\n         <\/div>\r\n         <a class=\"photo-gallery\" href=\"https:\/\/agromtravel.com\/tours\/wp-content\/uploads\/2024\/05\/fethiye-carsi.jpg\" data-elementor-lightbox-slideshow=\"gallery-avi7\"><\/a>\r\n      \r\n      <div class=\"image-content\">\r\n         <div class=\"content-inner\">\r\n                           <h3 class=\"title\">Fethiye<\/h3>\r\n                                       <div class=\"sub-title\">\u00c7ar\u015f\u0131<\/div>\r\n                     <\/div>   \r\n      <\/div>\r\n\r\n   <\/div>\r\n<\/div><div class=\"item\">\r\n<div class=\"gallery-item\">\r\n\r\n               <div class=\"image\">\r\n            <img decoding=\"async\" src=\"https:\/\/agromtravel.com\/tours\/wp-content\/uploads\/2024\/05\/pamukkale-600x600.webp\" alt=\"Pamukkale\" \/>  \r\n         <\/div>\r\n         <a class=\"photo-gallery\" href=\"https:\/\/agromtravel.com\/tours\/wp-content\/uploads\/2024\/05\/pamukkale.webp\" data-elementor-lightbox-slideshow=\"gallery-avi7\"><\/a>\r\n      \r\n      <div class=\"image-content\">\r\n         <div class=\"content-inner\">\r\n                           <h3 class=\"title\">Pamukkale<\/h3>\r\n                                       <div class=\"sub-title\">Do\u011fal Traverten<\/div>\r\n                     <\/div>   \r\n      <\/div>\r\n\r\n   <\/div>\r\n<\/div><div class=\"item\">\r\n<div class=\"gallery-item\">\r\n\r\n               <div class=\"image\">\r\n            <img decoding=\"async\" src=\"https:\/\/agromtravel.com\/tours\/wp-content\/uploads\/2024\/05\/oludeniz-600x600.png\" alt=\"\u00d6l\u00fcdeniz\" \/>  \r\n         <\/div>\r\n         <a class=\"photo-gallery\" href=\"https:\/\/agromtravel.com\/tours\/wp-content\/uploads\/2024\/05\/oludeniz.png\" data-elementor-lightbox-slideshow=\"gallery-avi7\"><\/a>\r\n      \r\n      <div class=\"image-content\">\r\n         <div class=\"content-inner\">\r\n                           <h3 class=\"title\">\u00d6l\u00fcdeniz<\/h3>\r\n                                       <div class=\"sub-title\">Lagoon<\/div>\r\n                     <\/div>   \r\n      <\/div>\r\n\r\n   <\/div>\r\n<\/div><div class=\"item\">\r\n<div class=\"gallery-item\">\r\n\r\n               <div class=\"image\">\r\n            <img decoding=\"async\" src=\"https:\/\/agromtravel.com\/tours\/wp-content\/uploads\/2024\/05\/saklikent-kanyonu-mugla_zrvw-600x600.jpeg\" alt=\"Sakl\u0131kent\" \/>  \r\n         <\/div>\r\n         <a class=\"photo-gallery\" href=\"https:\/\/agromtravel.com\/tours\/wp-content\/uploads\/2024\/05\/saklikent-kanyonu-mugla_zrvw.jpeg\" data-elementor-lightbox-slideshow=\"gallery-avi7\"><\/a>\r\n      \r\n      <div class=\"image-content\">\r\n         <div class=\"content-inner\">\r\n                           <h3 class=\"title\">Sakl\u0131kent<\/h3>\r\n                                       <div class=\"sub-title\">Kanyon<\/div>\r\n                     <\/div>   \r\n      <\/div>\r\n\r\n   <\/div>\r\n<\/div><div class=\"item\">\r\n<div class=\"gallery-item\">\r\n\r\n               <div class=\"image\">\r\n            <img decoding=\"async\" src=\"https:\/\/agromtravel.com\/tours\/wp-content\/uploads\/2024\/05\/Kapak-600x600.jpg\" alt=\"Pamukkale\" \/>  \r\n         <\/div>\r\n         <a class=\"photo-gallery\" href=\"https:\/\/agromtravel.com\/tours\/wp-content\/uploads\/2024\/05\/Kapak.jpg\" data-elementor-lightbox-slideshow=\"gallery-avi7\"><\/a>\r\n      \r\n      <div class=\"image-content\">\r\n         <div class=\"content-inner\">\r\n                           <h3 class=\"title\">Pamukkale<\/h3>\r\n                                       <div class=\"sub-title\">G\u00fcnbat\u0131m\u0131<\/div>\r\n                     <\/div>   \r\n      <\/div>\r\n\r\n   <\/div>\r\n<\/div><div class=\"item\">\r\n<div class=\"gallery-item\">\r\n\r\n               <div class=\"image\">\r\n            <img decoding=\"async\" src=\"https:\/\/agromtravel.com\/tours\/wp-content\/uploads\/2024\/05\/kalkan-600x600.webp\" alt=\"Kalkan\" \/>  \r\n         <\/div>\r\n         <a class=\"photo-gallery\" href=\"https:\/\/agromtravel.com\/tours\/wp-content\/uploads\/2024\/05\/kalkan.webp\" data-elementor-lightbox-slideshow=\"gallery-avi7\"><\/a>\r\n      \r\n      <div class=\"image-content\">\r\n         <div class=\"content-inner\">\r\n                           <h3 class=\"title\">Kalkan<\/h3>\r\n                                       <div class=\"sub-title\">Do\u011fa Harikas\u0131<\/div>\r\n                     <\/div>   \r\n      <\/div>\r\n\r\n   <\/div>\r\n<\/div><div class=\"item\">\r\n<div class=\"gallery-item\">\r\n\r\n               <div class=\"image\">\r\n            <img decoding=\"async\" src=\"https:\/\/agromtravel.com\/tours\/wp-content\/uploads\/2024\/05\/kas-kalkan-giris-600x600.jpg\" alt=\"Ka\u015f\" \/>  \r\n         <\/div>\r\n         <a class=\"photo-gallery\" href=\"https:\/\/agromtravel.com\/tours\/wp-content\/uploads\/2024\/05\/kas-kalkan-giris.jpg\" data-elementor-lightbox-slideshow=\"gallery-avi7\"><\/a>\r\n      \r\n      <div class=\"image-content\">\r\n         <div class=\"content-inner\">\r\n                           <h3 class=\"title\">Ka\u015f<\/h3>\r\n                                       <div class=\"sub-title\">Organik G\u00fczellik<\/div>\r\n                     <\/div>   \r\n      <\/div>\r\n\r\n   <\/div>\r\n<\/div><div class=\"item\">\r\n<div class=\"gallery-item\">\r\n\r\n               <div class=\"image\">\r\n            <img decoding=\"async\" src=\"https:\/\/agromtravel.com\/tours\/wp-content\/uploads\/2024\/05\/253509saklikent-selalesi-600x589.jpg\" alt=\"Sakl\u0131kent\" \/>  \r\n         <\/div>\r\n         <a class=\"photo-gallery\" href=\"https:\/\/agromtravel.com\/tours\/wp-content\/uploads\/2024\/05\/253509saklikent-selalesi.jpg\" data-elementor-lightbox-slideshow=\"gallery-avi7\"><\/a>\r\n      \r\n      <div class=\"image-content\">\r\n         <div class=\"content-inner\">\r\n                           <h3 class=\"title\">Sakl\u0131kent<\/h3>\r\n                                       <div class=\"sub-title\">\u015eelale<\/div>\r\n                     <\/div>   \r\n      <\/div>\r\n\r\n   <\/div>\r\n<\/div><div class=\"item\">\r\n<div class=\"gallery-item\">\r\n\r\n               <div class=\"image\">\r\n            <img decoding=\"async\" src=\"https:\/\/agromtravel.com\/tours\/wp-content\/uploads\/2021\/09\/tour-6-600x590.jpg\" alt=\"\u00d6l\u00fcdeniz\" \/>  \r\n         <\/div>\r\n         <a class=\"photo-gallery\" href=\"https:\/\/gaviaspreview.com\/wp\/tevily\/wp-content\/uploads\/2021\/09\/tour-6.jpg\" data-elementor-lightbox-slideshow=\"gallery-avi7\"><\/a>\r\n      \r\n      <div class=\"image-content\">\r\n         <div class=\"content-inner\">\r\n                           <h3 class=\"title\">\u00d6l\u00fcdeniz<\/h3>\r\n                                       <div class=\"sub-title\">Paragliding<\/div>\r\n                     <\/div>   \r\n      <\/div>\r\n\r\n   <\/div>\r\n<\/div>\t\t  \t<\/div>\r\n\t\t<\/div>\r\n  \t<\/div>\r\n<\/div>\t\t\t\t<\/div>\n\t\t\t\t<\/div>\n\t\t\t\t\t<\/div>\n\t\t<\/div>\n\t\t\t\t\t<\/div>\n\t\t<\/section>\n\t\t\t\t<section class=\"elementor-section elementor-top-section elementor-element elementor-element-4128a3a bg-row-theme elementor-section-boxed elementor-section-height-default elementor-section-height-default row-top\" data-id=\"4128a3a\" data-element_type=\"section\" data-e-type=\"section\" data-settings=\"{&quot;background_background&quot;:&quot;classic&quot;}\">\n\t\t\t\t\t\t<div class=\"elementor-container elementor-column-gap-default\">\n\t\t\t\t\t<div class=\"elementor-column elementor-col-50 elementor-top-column elementor-element elementor-element-2a27bda\" data-id=\"2a27bda\" data-element_type=\"column\" data-e-type=\"column\">\n\t\t\t<div class=\"elementor-widget-wrap elementor-element-populated\">\n\t\t\t\t\t\t<div class=\"elementor-element elementor-element-c790c35 elementor-widget elementor-widget-gva-heading-block\" data-id=\"c790c35\" data-element_type=\"widget\" data-e-type=\"widget\" data-widget_type=\"gva-heading-block.default\">\n\t\t\t\t<div class=\"elementor-widget-container\">\n\t\t\t\t\t<div class=\"gva-element-gva-heading-block gva-element\">   <div class=\"align-left style-1 widget gsc-heading box-align-left auto-responsive\">\r\n      <div class=\"content-inner\">\r\n         \r\n                  \r\n                     <div class=\"sub-title\"><span>Siz de tailinize renk katmak istiyorsan\u0131z<\/span><\/div>\r\n           \r\n         \r\n                     <h2 class=\"title\">\r\n               <span>Unutulmaz turlar i\u00e7in bizimle ileti\u015fime ge\u00e7in<\/span>\r\n            <\/h2>\r\n                  \r\n         \r\n      <\/div>\r\n   <\/div>\r\n<\/div>\t\t\t\t<\/div>\n\t\t\t\t<\/div>\n\t\t\t\t\t<\/div>\n\t\t<\/div>\n\t\t\t\t<div class=\"elementor-column elementor-col-50 elementor-top-column elementor-element elementor-element-b4dd38b\" data-id=\"b4dd38b\" data-element_type=\"column\" data-e-type=\"column\">\n\t\t\t<div class=\"elementor-widget-wrap elementor-element-populated\">\n\t\t\t\t\t\t<div class=\"elementor-element elementor-element-f3f4650 elementor-widget__width-auto elementor-widget elementor-widget-html\" data-id=\"f3f4650\" data-element_type=\"widget\" data-e-type=\"widget\" data-widget_type=\"html.default\">\n\t\t\t\t<div class=\"elementor-widget-container\">\n\t\t\t\t\t<a class=\"btn-black btn-medium\" href=\"https:\/\/agromtravel.com\/tours\/contact\/\">\n    \u0130leti\u015fime Ge\u00e7\n<\/a>\t\t\t\t<\/div>\n\t\t\t\t<\/div>\n\t\t\t\t\t<\/div>\n\t\t<\/div>\n\t\t\t\t\t<\/div>\n\t\t<\/section>\n\t\t\t\t<\/div>\n\t\t","protected":false},"excerpt":{"rendered":"<p>Ger\u00e7ekleri resimlerinden daha g\u00fczel Bizimle ileti\u015fime ge\u00e7in. Fethiye \u00c7ar\u015f\u0131 Pamukkale Do\u011fal Traverten \u00d6l\u00fcdeniz Lagoon Sakl\u0131kent Kanyon Pamukkale G\u00fcnbat\u0131m\u0131 Kalkan Do\u011fa Harikas\u0131 Ka\u015f Organik G\u00fczellik Sakl\u0131kent \u015eelale \u00d6l\u00fcdeniz Paragliding Siz de [&hellip;]<\/p>\n","protected":false},"author":1,"featured_media":0,"parent":0,"menu_order":0,"comment_status":"closed","ping_status":"closed","template":"","meta":{"footnotes":""},"class_list":["post-1067","page","type-page","status-publish","hentry"],"_links":{"self":[{"href":"https:\/\/agromtravel.com\/tours\/wp-json\/wp\/v2\/pages\/1067","targetHints":{"allow":["GET"]}}],"collection":[{"href":"https:\/\/agromtravel.com\/tours\/wp-json\/wp\/v2\/pages"}],"about":[{"href":"https:\/\/agromtravel.com\/tours\/wp-json\/wp\/v2\/types\/page"}],"author":[{"embeddable":true,"href":"https:\/\/agromtravel.com\/tours\/wp-json\/wp\/v2\/users\/1"}],"replies":[{"embeddable":true,"href":"https:\/\/agromtravel.com\/tours\/wp-json\/wp\/v2\/comments?post=1067"}],"version-history":[{"count":12,"href":"https:\/\/agromtravel.com\/tours\/wp-json\/wp\/v2\/pages\/1067\/revisions"}],"predecessor-version":[{"id":1509,"href":"https:\/\/agromtravel.com\/tours\/wp-json\/wp\/v2\/pages\/1067\/revisions\/1509"}],"wp:attachment":[{"href":"https:\/\/agromtravel.com\/tours\/wp-json\/wp\/v2\/media?parent=1067"}],"curies":[{"name":"wp","href":"https:\/\/api.w.org\/{rel}","templated":true}]}}